{"id":896,"date":"2012-10-28T20:12:01","date_gmt":"2012-10-28T20:12:01","guid":{"rendered":"http:\/\/romexim.ca\/en\/?page_id=896"},"modified":"2013-08-19T15:48:51","modified_gmt":"2013-08-19T15:48:51","slug":"productos","status":"publish","type":"page","link":"http:\/\/romexim.ca\/es\/productos\/","title":{"rendered":"Productos"},"content":{"rendered":"<h4>Suministramos Refacciones de Auto<\/h4>\n<p>Piezas para autos, camiones, equipos de manejo de materiales,<br \/>\ny equipamiento para construcci\u00f3n.<\/p>\n<p>Veh\u00edculos de carretera son hechos con alrededor de 30.000 piezas<br \/>\nindividuales, la mayor\u00eda de los cuales son de un modelo, categor\u00eda, y marca<br \/>\nparticular. Romexim puede suministrar refacciones de autos para todas categor\u00edas<br \/>\nde veh\u00edculos, y la mayor\u00eda de las marcas y los modelos originales, OEM,<br \/>\no piezas no originales. Tambien, vea &#8220;<a title=\"Nuestra Especialidad\" href=\"http:\/\/romexim.ca\/es\/nuestra-especialidad\/\">Nuestra Especialidad<\/a>&#8220;.<\/p>\n<p>&nbsp;<\/p>\n<h4>Suministramos Veh\u00edculos Nuevos<\/h4>\n<p>Romexim suministra veh\u00edculos nuevos incluyendo autom\u00f3viles,<br \/>\n4 x 4 y 4 x 2 veh\u00edculos utilitarios, camiones ligeros, furgonetas,<br \/>\nbuses ligeros y pesados, carretillas elevadoras, y camiones de transporte.<\/p>\n<p>Suministramos todas las categor\u00edas y marcas y todos modelos de veh\u00edculos nuevos<br \/>\nde Europa, Asia, Australia, y Las Am\u00e9ricas.<\/p>\n<p>Preg\u00fantanos para recibir un presupuesto que cabe con sus requisitos.<\/p>\n<p>&nbsp;<\/p>\n<h4>Suministramos Neum\u00e1ticos<\/h4>\n<p>Romexim Canad\u00e1 Inc. ofrece neum\u00e1ticos nuevos para autom\u00f3viles, camiones, y buses, neum\u00e1ticos para construcci\u00f3n y neum\u00e1ticos para veh\u00edculos OTR de varias marcas. Ofrecemos tambi\u00e9n neum\u00e1ticos y llantas usados de alta calidad para autom\u00f3viles.<\/p>\n<p>Le podemos suministrar neum\u00e1ticos nuevos seg\u00fan sus especificaciones y est\u00e1ndares de rendimiento y le proveeremos con certificados de prueba y una muestra cortada. Ofrecemos llantas de tama\u00f1os, dise\u00f1os, y bandas de rodadura est\u00e1ndares, a precios y tiempos de entrega competitivos.<\/p>\n<p>\u00a1Da una oportunidad a Romexim Canad\u00e1 Inc, le gustar\u00e1 trabajar con nosotros!<\/p>\n","protected":false},"excerpt":{"rendered":"<p>Suministramos Refacciones de Auto Piezas para autos, camiones, equipos de manejo de materiales, y equipamiento para construcci\u00f3n. Veh\u00edculos de carretera son hechos con alrededor de 30.000 piezas individuales, la mayor\u00eda de los cuales son de un modelo, categor\u00eda, y marca particular. Romexim puede suministrar refacciones de autos para todas categor\u00edas de veh\u00edculos, y la mayor\u00eda [&hellip;]<\/p>\n","protected":false},"author":1,"featured_media":0,"parent":0,"menu_order":0,"comment_status":"closed","ping_status":"closed","template":"","meta":[],"_links":{"self":[{"href":"http:\/\/romexim.ca\/es\/wp-json\/wp\/v2\/pages\/896"}],"collection":[{"href":"http:\/\/romexim.ca\/es\/wp-json\/wp\/v2\/pages"}],"about":[{"href":"http:\/\/romexim.ca\/es\/wp-json\/wp\/v2\/types\/page"}],"author":[{"embeddable":true,"href":"http:\/\/romexim.ca\/es\/wp-json\/wp\/v2\/users\/1"}],"replies":[{"embeddable":true,"href":"http:\/\/romexim.ca\/es\/wp-json\/wp\/v2\/comments?post=896"}],"version-history":[{"count":10,"href":"http:\/\/romexim.ca\/es\/wp-json\/wp\/v2\/pages\/896\/revisions"}],"predecessor-version":[{"id":1014,"href":"http:\/\/romexim.ca\/es\/wp-json\/wp\/v2\/pages\/896\/revisions\/1014"}],"wp:attachment":[{"href":"http:\/\/romexim.ca\/es\/wp-json\/wp\/v2\/media?parent=896"}],"curies":[{"name":"wp","href":"https:\/\/api.w.org\/{rel}","templated":true}]}}