{"id":898,"date":"2012-10-28T20:12:14","date_gmt":"2012-10-28T20:12:14","guid":{"rendered":"http:\/\/romexim.ca\/en\/?page_id=898"},"modified":"2013-08-07T18:28:11","modified_gmt":"2013-08-07T18:28:11","slug":"servicios","status":"publish","type":"page","link":"http:\/\/romexim.ca\/es\/servicios\/","title":{"rendered":"Servicios"},"content":{"rendered":"<h4>Proveemos Servicios Log\u00edsticos<\/h4>\n<p>Romexim Canad\u00e1 Inc. tiene un personal con experiencia que le puede<br \/>\nofrecer una l\u00ednea completa de servicios de envi\u00f3 internacional de nuestros<br \/>\nproductos.<\/p>\n<p>Aunque la mayor\u00eda de nuestros env\u00edos se hacen por contenedores. Tambi\u00e9n<br \/>\nofrecemos cajas de envi\u00f3 hechas a medida, y adem\u00e1s las podemos entregar.<br \/>\nGrande o peque\u00f1o, Romexim Canad\u00e1 Inc. puede enviar de todo!<\/p>\n<p>No importa si es por aire, mar o servicio de mensajer\u00eda, Romexim Canad\u00e1 Inc.<br \/>\npuede entregarle sus productos r\u00e1pidamente y econ\u00f3micamente.<\/p>\n<p>&nbsp;<\/p>\n<h4>Conseguimos Productos<\/h4>\n<p>Cont\u00e1ctenos con sus requisitos- <a title=\"info@romexim.ca\" href=\"mailto:info@romexim.ca\">info@romexim.ca<\/a>.<\/p>\n","protected":false},"excerpt":{"rendered":"<p>Proveemos Servicios Log\u00edsticos Romexim Canad\u00e1 Inc. tiene un personal con experiencia que le puede ofrecer una l\u00ednea completa de servicios de envi\u00f3 internacional de nuestros productos. Aunque la mayor\u00eda de nuestros env\u00edos se hacen por contenedores. Tambi\u00e9n ofrecemos cajas de envi\u00f3 hechas a medida, y adem\u00e1s las podemos entregar. Grande o peque\u00f1o, Romexim Canad\u00e1 Inc. [&hellip;]<\/p>\n","protected":false},"author":1,"featured_media":0,"parent":0,"menu_order":0,"comment_status":"closed","ping_status":"closed","template":"","meta":[],"_links":{"self":[{"href":"http:\/\/romexim.ca\/es\/wp-json\/wp\/v2\/pages\/898"}],"collection":[{"href":"http:\/\/romexim.ca\/es\/wp-json\/wp\/v2\/pages"}],"about":[{"href":"http:\/\/romexim.ca\/es\/wp-json\/wp\/v2\/types\/page"}],"author":[{"embeddable":true,"href":"http:\/\/romexim.ca\/es\/wp-json\/wp\/v2\/users\/1"}],"replies":[{"embeddable":true,"href":"http:\/\/romexim.ca\/es\/wp-json\/wp\/v2\/comments?post=898"}],"version-history":[{"count":12,"href":"http:\/\/romexim.ca\/es\/wp-json\/wp\/v2\/pages\/898\/revisions"}],"predecessor-version":[{"id":1003,"href":"http:\/\/romexim.ca\/es\/wp-json\/wp\/v2\/pages\/898\/revisions\/1003"}],"wp:attachment":[{"href":"http:\/\/romexim.ca\/es\/wp-json\/wp\/v2\/media?parent=898"}],"curies":[{"name":"wp","href":"https:\/\/api.w.org\/{rel}","templated":true}]}}