{"id":919,"date":"2012-10-28T20:48:24","date_gmt":"2012-10-28T20:48:24","guid":{"rendered":"http:\/\/romexim.ca\/en\/?page_id=919"},"modified":"2014-08-22T20:48:12","modified_gmt":"2014-08-22T20:48:12","slug":"nuestra-especialidad","status":"publish","type":"page","link":"http:\/\/romexim.ca\/es\/nuestra-especialidad\/","title":{"rendered":"Nuestra Especialidad"},"content":{"rendered":"<h4>Motores Di\u00e9sel Nuevos y Usados<\/h4>\n<p>Suministramos motores di\u00e9sel nuevos y usados por muchas utilidades diferentes,<br \/>\nincluyendo autom\u00f3viles, camiones, buses y maquinaria de construcci\u00f3n.<\/p>\n<p>&nbsp;<\/p>\n<h4>Motores Di\u00e9sel Nuevos<\/h4>\n<p>Romexim Canad\u00e1 Inc. puede suministrar cualquier motor di\u00e9sel nuevo seg\u00fan sus<br \/>\nespecificaci\u00f3nes &#8211; contacta Romexim para recibir un presupuesto.<\/p>\n<p>&nbsp;<\/p>\n<h4>Motores de Diesel Reconstruidos<\/h4>\n<p>Romexim Canada Inc. suministra motores diesel recontruidos para tu aplicaci\u00f3n de cami\u00f3n, cargadora, o topadora a una parte del costo de una unidad nueva.<\/p>\n<p>Romexim Canada Inc. siministrara un n\u00facleo del motor repuesto (o reutilizara el original tuyo, si es dispondible).  Refabricamos, suministramos y instalaremos partes nuevas para volver la unidad a una condici\u00f3n de funcionamiento completo y satisfactorio.<\/p>\n<p>Todos los motores diesel reconstruidos por Romexim Canada Inc. estan probados con pruebas dinam\u00f3metras electr\u00f3nicamente en nuestras instalaci\u00f3nes y los garantizamos a llenar o exceder el est\u00e1ndar curva de potencia del motor diesel original.<\/p>\n<p>Romexim Canada suministra motores diesel reconstruidos provenidos de las marcas siguientes: Caterpillar, Cummins, Ford y International. Podemos suministrar de otras marcas tambien,\u00a1 intenta con nosotros!<br \/>\nCominica con nosotros y estaremos encantados a darle nuestro precio y entrega para su nuevamente reconstruido motor diesel.<\/p>\n<p>&nbsp;<\/p>\n<h4>Motores Di\u00e9sel Usados<\/h4>\n<p>El inventario de Romexim Canad\u00e1 Inc. generalmente consiste de los modelos<br \/>\nde motores di\u00e9sel siguientes: 1C, 2C, 2C-T, 3C-T, 2L, 2L-T, 2LII-T,<br \/>\n3L, 5L, B, 3B, 14B, 1NZ-FE, 1KZ-TE, R2, RF, 4D32, 4D56, 4D56-T, 4M40-T,<br \/>\nTD25, TD27, TD27T, EJ22, and 4FG1.<\/p>\n<p>Todos los motores di\u00e9sel usados vienen acompa\u00f1ados de nuestra garant\u00eda<br \/>\nexclusiva de motores di\u00e9sel usados.<\/p>\n","protected":false},"excerpt":{"rendered":"<p>Motores Di\u00e9sel Nuevos y Usados Suministramos motores di\u00e9sel nuevos y usados por muchas utilidades diferentes, incluyendo autom\u00f3viles, camiones, buses y maquinaria de construcci\u00f3n. &nbsp; Motores Di\u00e9sel Nuevos Romexim Canad\u00e1 Inc. puede suministrar cualquier motor di\u00e9sel nuevo seg\u00fan sus especificaci\u00f3nes &#8211; contacta Romexim para recibir un presupuesto. &nbsp; Motores de Diesel Reconstruidos Romexim Canada Inc. suministra [&hellip;]<\/p>\n","protected":false},"author":1,"featured_media":0,"parent":0,"menu_order":3,"comment_status":"closed","ping_status":"closed","template":"","meta":[],"_links":{"self":[{"href":"http:\/\/romexim.ca\/es\/wp-json\/wp\/v2\/pages\/919"}],"collection":[{"href":"http:\/\/romexim.ca\/es\/wp-json\/wp\/v2\/pages"}],"about":[{"href":"http:\/\/romexim.ca\/es\/wp-json\/wp\/v2\/types\/page"}],"author":[{"embeddable":true,"href":"http:\/\/romexim.ca\/es\/wp-json\/wp\/v2\/users\/1"}],"replies":[{"embeddable":true,"href":"http:\/\/romexim.ca\/es\/wp-json\/wp\/v2\/comments?post=919"}],"version-history":[{"count":9,"href":"http:\/\/romexim.ca\/es\/wp-json\/wp\/v2\/pages\/919\/revisions"}],"predecessor-version":[{"id":1026,"href":"http:\/\/romexim.ca\/es\/wp-json\/wp\/v2\/pages\/919\/revisions\/1026"}],"wp:attachment":[{"href":"http:\/\/romexim.ca\/es\/wp-json\/wp\/v2\/media?parent=919"}],"curies":[{"name":"wp","href":"https:\/\/api.w.org\/{rel}","templated":true}]}}